{"id":286,"date":"2016-10-31T13:17:59","date_gmt":"2016-10-31T16:17:59","guid":{"rendered":"https:\/\/ifdsalinas-lrj.infd.edu.ar\/sitio\/?page_id=286"},"modified":"2019-06-18T21:00:31","modified_gmt":"2019-06-19T00:00:31","slug":"inicio","status":"publish","type":"page","link":"https:\/\/ifdsalinas-lrj.infd.edu.ar\/sitio\/","title":{"rendered":"Inicio"},"content":{"rendered":"<div id=\"metaslider-id-403\" style=\"width: 100%;\" class=\"ml-slider-3-33-0 metaslider metaslider-flex metaslider-403 ml-slider ms-theme-default\" role=\"region\" aria-roledescription=\"Slideshow\" aria-label=\"Slideshow\">\n    <div id=\"metaslider_container_403\">\n        <div id=\"metaslider_403\" class=\"flexslider\">\n            <ul aria-live=\"polite\" class=\"slides\">\n                <li style=\"display: block; width: 100%;\" class=\"slide-607 ms-image\" aria-roledescription=\"slide\" aria-label=\"slide-607\"><a href=\"https:\/\/mapa.infd.edu.ar\/\" target=\"_blank\"><img src=\"https:\/\/ifdsalinas-lrj.infd.edu.ar\/sitio\/wp-content\/uploads\/2018\/06\/mapa_infd6-1100x200.png\" height=\"200\" width=\"1100\" alt=\"\" class=\"slider-403 slide-607\" title=\"mapa_infd6\" \/><\/a><\/li>\n                <li style=\"display: none; width: 100%;\" class=\"slide-609 ms-image\" aria-roledescription=\"slide\" aria-label=\"slide-609\"><a href=\"https:\/\/www.argentina.gob.ar\/educacion\/becas\" target=\"_blank\"><img src=\"https:\/\/ifdsalinas-lrj.infd.edu.ar\/sitio\/wp-content\/uploads\/2018\/06\/becas7-1100x200.png\" height=\"200\" width=\"1100\" alt=\"\" class=\"slider-403 slide-609\" title=\"becas7\" \/><\/a><\/li>\n                <li style=\"display: none; width: 100%;\" class=\"slide-635 ms-image\" aria-roledescription=\"slide\" aria-label=\"slide-635\"><a href=\"https:\/\/www.argentina.gob.ar\/tema\/estudiar\/formacion-docencia\" target=\"_blank\"><img src=\"https:\/\/ifdsalinas-lrj.infd.edu.ar\/sitio\/wp-content\/uploads\/2018\/06\/convocatorias_slide6-1-1100x200.png\" height=\"200\" width=\"1100\" alt=\"\" class=\"slider-403 slide-635\" title=\"convocatorias_slide6-1\" \/><\/a><\/li>\n            <\/ul>\n        <\/div>\n        \n    <\/div>\n<\/div>\n<h1 style=\"text-align: center;\"><span style=\"font-family: arial,helvetica,sans-serif;\"><span style=\"font-size: 10pt;\"><img decoding=\"async\" loading=\"lazy\" class=\"alignnone  wp-image-815\" src=\"https:\/\/ifdsalinas-lrj.infd.edu.ar\/sitio\/wp-content\/uploads\/2019\/06\/LOGO-ISFD.jpg\" alt=\"\" width=\"313\" height=\"313\" srcset=\"https:\/\/ifdsalinas-lrj.infd.edu.ar\/sitio\/wp-content\/uploads\/2019\/06\/LOGO-ISFD.jpg 620w, https:\/\/ifdsalinas-lrj.infd.edu.ar\/sitio\/wp-content\/uploads\/2019\/06\/LOGO-ISFD-500x500.jpg 500w\" sizes=\"(max-width: 313px) 100vw, 313px\" \/><\/span><\/span><\/h1>\n<h1 style=\"text-align: center;\"><span style=\"font-family: arial,helvetica,sans-serif;\"><span style=\"font-size: 10pt;\"><img decoding=\"async\" loading=\"lazy\" class=\"alignleft\" title=\"Foto instituto\" src=\"https:\/\/ifdsalinas-lrj.infd.edu.ar\/sitio\/wp-content\/uploads\/2018\/06\/Imagen1.png\" alt=\"Foto instituto\" width=\"479\" height=\"360\" border=\"0\" \/><\/span><\/span><\/h1>\n<h1 style=\"text-align: center;\"><span style=\"font-family: arial,helvetica,sans-serif;\"><span style=\"font-size: 10pt;\">\u00a0\u00a0<\/span><\/span><strong>I. S. F. D. \u00abDr. Jos\u00e9 S. Salinas\u00bb<\/strong><\/h1>\n<p>Ostenta en la actualidad una matricula de 400 alumnos, con una extensi\u00f3n \u00e1ulica del Profesorado de 1\u00b0 y 2\u00b0 Ciclo de la EGB, creada este a\u00f1o en el ISFD y T de la localidad de Tama distante a 110 Km. de Olta.<\/p>\n<p>En el a\u00f1o 2004 adopta el nombre de Dr. Jos\u00e9 S. Salinas signando una identidad propia a la instituci\u00f3n. La denominaci\u00f3n obedece a que el mencionado (oriundo de la regi\u00f3n) fue el autor del proyecto de a creaci\u00f3n de la Escuela Nacional Normal de localidad de Olta, siendo Ministro de Justicia e Instrucci\u00f3n P\u00fablica de la Naci\u00f3n durante el Primer gobierno de Hip\u00f3lito Irigoyen. Convirti\u00e9ndose la escuela en una verdadero polo educativo ya que asist\u00edan alumnos de diversas localidades debido a su estrat\u00e9gica ubicaci\u00f3n. En la actualidad este instituto sigue formando alumnos no solamente de nuestro departamento sino de diversos departamentos como Chamical, General Ocampo, General San Mart\u00edn y Juan facundo Quiroga, como as\u00ed tambi\u00e9n provincias vecinas como C\u00f3rdoba, San Juan y Mendoza.<\/p>\n","protected":false},"excerpt":{"rendered":"<p>\u00a0\u00a0I. S. F. D. \u00abDr. Jos\u00e9 S. Salinas\u00bb Ostenta en la actualidad una matricula de 400 alumnos, con una extensi\u00f3n \u00e1ulica del Profesorado de 1\u00b0 y 2\u00b0 Ciclo de la EGB, creada este a\u00f1o en el ISFD y T de la localidad de Tama distante a 110 Km. de Olta. En el a\u00f1o 2004 adopta &#8230; <a title=\"Inicio\" class=\"read-more\" href=\"https:\/\/ifdsalinas-lrj.infd.edu.ar\/sitio\/\" aria-label=\"More on Inicio\">[+]<\/a><\/p>\n","protected":false},"author":1,"featured_media":0,"parent":0,"menu_order":0,"comment_status":"closed","ping_status":"closed","template":"","meta":[],"acf":[],"_links":{"self":[{"href":"https:\/\/ifdsalinas-lrj.infd.edu.ar\/sitio\/wp-json\/wp\/v2\/pages\/286"}],"collection":[{"href":"https:\/\/ifdsalinas-lrj.infd.edu.ar\/sitio\/wp-json\/wp\/v2\/pages"}],"about":[{"href":"https:\/\/ifdsalinas-lrj.infd.edu.ar\/sitio\/wp-json\/wp\/v2\/types\/page"}],"author":[{"embeddable":true,"href":"https:\/\/ifdsalinas-lrj.infd.edu.ar\/sitio\/wp-json\/wp\/v2\/users\/1"}],"replies":[{"embeddable":true,"href":"https:\/\/ifdsalinas-lrj.infd.edu.ar\/sitio\/wp-json\/wp\/v2\/comments?post=286"}],"version-history":[{"count":80,"href":"https:\/\/ifdsalinas-lrj.infd.edu.ar\/sitio\/wp-json\/wp\/v2\/pages\/286\/revisions"}],"predecessor-version":[{"id":841,"href":"https:\/\/ifdsalinas-lrj.infd.edu.ar\/sitio\/wp-json\/wp\/v2\/pages\/286\/revisions\/841"}],"wp:attachment":[{"href":"https:\/\/ifdsalinas-lrj.infd.edu.ar\/sitio\/wp-json\/wp\/v2\/media?parent=286"}],"curies":[{"name":"wp","href":"https:\/\/api.w.org\/{rel}","templated":true}]}}