{"id":757,"date":"2018-06-28T00:56:14","date_gmt":"2018-06-28T03:56:14","guid":{"rendered":"https:\/\/ifdsalinas-lrj.infd.edu.ar\/sitio\/docentes\/"},"modified":"2019-08-15T10:46:36","modified_gmt":"2019-08-15T13:46:36","slug":"docentes","status":"publish","type":"page","link":"https:\/\/ifdsalinas-lrj.infd.edu.ar\/sitio\/docentes\/","title":{"rendered":"Docentes"},"content":{"rendered":"<div>\n<table class=\"MsoTableList7\" style=\"border-collapse: collapse; height: 13px;\" border=\"1\" width=\"826\" cellspacing=\"0\" cellpadding=\"0\">\n<tbody>\n<tr style=\"mso-yfti-irow: -1; mso-yfti-firstrow: yes;\">\n<td style=\"border-bottom: 1.5pt double windowtext; border-left: 1.5pt double windowtext; width: 144.05pt; background: silver; border-top: 1.5pt double windowtext; border-right: #d4d0c8; padding: 0cm 5.4pt; text-align: center;\" width=\"192\">\n<h1><span style=\"font-size: 10pt;\"><span style=\"font-family: arial,helvetica,sans-serif;\">Plantel Docente<\/span><\/span><\/h1>\n<\/td>\n<\/tr>\n<\/tbody>\n<\/table>\n<\/div>\n<table>\n<tbody>\n<tr>\n<td width=\"196\">FUENTES, PABLO NELSON<\/p>\n<p>FUNES, SILVANA PAULINA<\/p>\n<p>G\u00d3MEZ, JUAN MANUEL<\/p>\n<p>GONZ\u00c1LEZ, IANINA ESTHER<\/p>\n<p>GUERRERO, MARIANELA<\/p>\n<p>HERRERA, CELIA DE LOS \u00c1NGELES<\/p>\n<p>HERRERA, SANDRA DEL VALLE<\/p>\n<p>LOYOLA MIGUEL, \u00c1NGEL<\/p>\n<p>LUNA, NICOL\u00c1S ALBERTO<\/p>\n<p>MONTIVERO, MAR\u00cdA CECILIA<\/p>\n<p>MORENO, ALICIA MABEL<\/p>\n<p>&nbsp;<\/td>\n<td width=\"196\">MORENO, LEANDRO JOS\u00c9 H.<\/p>\n<p>MOYANO, MAR\u00cdA SILVIA<\/p>\n<p>OROS, ESTELA NANCY<\/p>\n<p>P\u00c9REZ, SUSANA ELIZABETH<\/p>\n<p>REBOT, MAR\u00cdA MAGDALENA<\/p>\n<p>RIVADERO, NICOL\u00c1S OMAR<\/p>\n<p>RIVERO, MAR\u00cdA RITA<\/p>\n<p>RODR\u00cdGUEZ, MAR\u00cdA \u00c1NGEL<\/p>\n<p>ROLDAN, GLADYS NICOLASA<\/p>\n<p>SANCHO, JAVIER<\/p>\n<p>TOLEDO, MAR\u00cdA HORTENCIA<\/p>\n<p>&nbsp;<\/td>\n<td width=\"196\">TOLEDO, M\u00d3NICA ESTHER<\/p>\n<p>TRASOBARES, NORMA<\/p>\n<p>VERA, DAMIAN<\/p>\n<p>VERA, MAR\u00cdA IN\u00c9S<\/p>\n<p>VERA, SARA CAROLINA<\/p>\n<p>VILCHE, ROSA MARIS<\/p>\n<p>VILLAFA\u00d1E, JOS\u00c9 RICARDO<\/p>\n<p>VILLALVA, HUGO CESAR<\/p>\n<p>VILLALVA, VANESA MAGELA<\/p>\n<p>&nbsp;<\/td>\n<\/tr>\n<\/tbody>\n<\/table>\n","protected":false},"excerpt":{"rendered":"<p>Plantel Docente FUENTES, PABLO NELSON FUNES, SILVANA PAULINA G\u00d3MEZ, JUAN MANUEL GONZ\u00c1LEZ, IANINA ESTHER GUERRERO, MARIANELA HERRERA, CELIA DE LOS \u00c1NGELES HERRERA, SANDRA DEL VALLE LOYOLA MIGUEL, \u00c1NGEL LUNA, NICOL\u00c1S ALBERTO MONTIVERO, MAR\u00cdA CECILIA MORENO, ALICIA MABEL &nbsp; MORENO, LEANDRO JOS\u00c9 H. MOYANO, MAR\u00cdA SILVIA OROS, ESTELA NANCY P\u00c9REZ, SUSANA ELIZABETH REBOT, MAR\u00cdA MAGDALENA RIVADERO, &#8230; <a title=\"Docentes\" class=\"read-more\" href=\"https:\/\/ifdsalinas-lrj.infd.edu.ar\/sitio\/docentes\/\" aria-label=\"More on Docentes\">[+]<\/a><\/p>\n","protected":false},"author":27,"featured_media":0,"parent":0,"menu_order":0,"comment_status":"closed","ping_status":"closed","template":"","meta":[],"acf":[],"_links":{"self":[{"href":"https:\/\/ifdsalinas-lrj.infd.edu.ar\/sitio\/wp-json\/wp\/v2\/pages\/757"}],"collection":[{"href":"https:\/\/ifdsalinas-lrj.infd.edu.ar\/sitio\/wp-json\/wp\/v2\/pages"}],"about":[{"href":"https:\/\/ifdsalinas-lrj.infd.edu.ar\/sitio\/wp-json\/wp\/v2\/types\/page"}],"author":[{"embeddable":true,"href":"https:\/\/ifdsalinas-lrj.infd.edu.ar\/sitio\/wp-json\/wp\/v2\/users\/27"}],"replies":[{"embeddable":true,"href":"https:\/\/ifdsalinas-lrj.infd.edu.ar\/sitio\/wp-json\/wp\/v2\/comments?post=757"}],"version-history":[{"count":5,"href":"https:\/\/ifdsalinas-lrj.infd.edu.ar\/sitio\/wp-json\/wp\/v2\/pages\/757\/revisions"}],"predecessor-version":[{"id":826,"href":"https:\/\/ifdsalinas-lrj.infd.edu.ar\/sitio\/wp-json\/wp\/v2\/pages\/757\/revisions\/826"}],"wp:attachment":[{"href":"https:\/\/ifdsalinas-lrj.infd.edu.ar\/sitio\/wp-json\/wp\/v2\/media?parent=757"}],"curies":[{"name":"wp","href":"https:\/\/api.w.org\/{rel}","templated":true}]}}